{"id":678,"date":"2017-11-16T18:30:01","date_gmt":"2017-11-16T17:30:01","guid":{"rendered":"http:\/\/pigeon-culbutant-lillois.com\/?page_id=678"},"modified":"2018-03-21T14:05:42","modified_gmt":"2018-03-21T13:05:42","slug":"cr-ag-et-jt-du-9-dec-2017-a-lesquin","status":"publish","type":"page","link":"https:\/\/pigeon-culbutant-lillois.com\/?page_id=678","title":{"rendered":"AG et JT du  9 DEC 2017 \u00e0 LESQUIN"},"content":{"rendered":"<p style=\"text-align: center; margin: 5.0pt 0cm .0001pt 14.2pt;\" align=\"center\"><b><i><u><span style=\"font-size: 13.5pt; font-family: Arial;\">Assembl\u00e9e G\u00e9n\u00e9rale et Journ\u00e9e technique du 9 d\u00e9cembre 2017<\/span><\/u><\/i><\/b><\/p>\n<p style=\"text-align: center; margin: 5.0pt 0cm .0001pt 14.2pt;\" align=\"center\"><b><i><u><span style=\"font-size: 13.5pt; font-family: Arial;\">\u00e0 Lesquin<\/span><\/u><\/i><\/b><b><i><u><span style=\"font-family: Arial;\"> \u00e0 14h30<\/span><\/u><\/i><\/b><\/p>\n<h4 style=\"text-align: center; margin: 5.0pt 0cm .0001pt 14.2pt;\" align=\"center\"><a href=\"https:\/\/pigeon-culbutant-lillois.com\/wp-content\/uploads\/Assembl\u00e9e-G\u00e9n\u00e9rale-et-Journ\u00e9e-Technique-du-Culbutant-Lillo\u2026.pdf\">Assembl\u00e9e G\u00e9n\u00e9rale et Journ\u00e9e Technique du Culbutant Lillo\u2026<\/a><\/h4>\n<p>&nbsp;<\/p>\n<p><a href=\"https:\/\/pigeon-culbutant-lillois.com\/wp-content\/uploads\/PHOTOS-DE-LAG-ET-JT-DU-CULBUTANT-LILLOIS-A-LESQUIN-2017.compressed.pdf\">PHOTOS DE L&rsquo;AG ET JT DU CULBUTANT LILLOIS A LESQUIN 2017.compressed<\/a><\/p>\n<p style=\"text-align: center; margin: 5.0pt 0cm .0001pt 14.2pt;\" align=\"center\">\n","protected":false},"excerpt":{"rendered":"<p>Assembl\u00e9e G\u00e9n\u00e9rale et Journ\u00e9e technique du 9 d\u00e9cembre 2017 \u00e0 Lesquin \u00e0 14h30 Assembl\u00e9e G\u00e9n\u00e9rale et Journ\u00e9e Technique du Culbutant Lillo\u2026 &nbsp; PHOTOS DE L&rsquo;AG ET JT DU CULBUTANT LILLOIS A LESQUIN 2017.compressed<\/p>\n","protected":false},"author":1,"featured_media":0,"parent":199,"menu_order":0,"comment_status":"open","ping_status":"open","template":"","meta":{"footnotes":""},"_links":{"self":[{"href":"https:\/\/pigeon-culbutant-lillois.com\/index.php?rest_route=\/wp\/v2\/pages\/678"}],"collection":[{"href":"https:\/\/pigeon-culbutant-lillois.com\/index.php?rest_route=\/wp\/v2\/pages"}],"about":[{"href":"https:\/\/pigeon-culbutant-lillois.com\/index.php?rest_route=\/wp\/v2\/types\/page"}],"author":[{"embeddable":true,"href":"https:\/\/pigeon-culbutant-lillois.com\/index.php?rest_route=\/wp\/v2\/users\/1"}],"replies":[{"embeddable":true,"href":"https:\/\/pigeon-culbutant-lillois.com\/index.php?rest_route=%2Fwp%2Fv2%2Fcomments&post=678"}],"version-history":[{"count":16,"href":"https:\/\/pigeon-culbutant-lillois.com\/index.php?rest_route=\/wp\/v2\/pages\/678\/revisions"}],"predecessor-version":[{"id":815,"href":"https:\/\/pigeon-culbutant-lillois.com\/index.php?rest_route=\/wp\/v2\/pages\/678\/revisions\/815"}],"up":[{"embeddable":true,"href":"https:\/\/pigeon-culbutant-lillois.com\/index.php?rest_route=\/wp\/v2\/pages\/199"}],"wp:attachment":[{"href":"https:\/\/pigeon-culbutant-lillois.com\/index.php?rest_route=%2Fwp%2Fv2%2Fmedia&parent=678"}],"curies":[{"name":"wp","href":"https:\/\/api.w.org\/{rel}","templated":true}]}}