{"id":631,"date":"2017-09-09T19:10:10","date_gmt":"2017-09-09T18:10:10","guid":{"rendered":"http:\/\/pigeon-culbutant-lillois.com\/?page_id=631"},"modified":"2022-10-10T14:58:26","modified_gmt":"2022-10-10T13:58:26","slug":"coupe-de-france-a-perigueux-janvier-2018","status":"publish","type":"page","link":"https:\/\/pigeon-culbutant-lillois.com\/?page_id=631","title":{"rendered":"COUPE DE FRANCE A PERIGUEUX  JANVIER 2018"},"content":{"rendered":"<p><strong>LA COUPE DE FRANCE DU CULBUTANT LILLOIS A EU LIEU LORS DU CONCOURS NATIONAL DE LA SNC A PERIGUEUX DU 12 AU 14 JANVIER 2018\u00a0\u00a0 &#8211;\u00a0 <\/strong><\/p>\n<p>Vous trouverez ci dessous le palmar\u00e8s de la Coupe de France du Culbutant Lillois<\/p>\n<p><a href=\"https:\/\/pigeon-culbutant-lillois.com\/wp-content\/uploads\/COUPE-DE-FRANCE-CL-Perigueux.pdf\">COUPE DE FRANCE CL Perigueux<\/a><\/p>\n<p><a href=\"https:\/\/pigeon-culbutant-lillois.com\/wp-content\/uploads\/COUPE-DE-FRANCE-du-Culbutant-Lillois-\u00e0-P\u00e9rigueux-Janvier-2018.pdf\">COUPE DE FRANCE du Culbutant Lillois \u00e0 P\u00e9rigueux Janvier 2018<\/a><\/p>\n<p><a href=\"https:\/\/pigeon-culbutant-lillois.com\/wp-content\/uploads\/AUTRES-BEAUX-SUJETS-DE-LA-COUPE-DE-FRANCE-DU-CL-DE-PERIGUEUX.pdf\">AUTRES BEAUX SUJETS DE LA COUPE DE FRANCE DU CL DE PERIGUEUX<\/a><\/p>\n<p><a href=\"https:\/\/pigeon-culbutant-lillois.com\/wp-content\/uploads\/Page-CL-Perigueux.pdf\">Page CL Perigueux<\/a><\/p>\n<p>Le Prix de Qualit\u00e9 a \u00e9t\u00e9 attribu\u00e9 \u00e0 Mr AMOURETTE AYMERIC avec 569 points<\/p>\n<p>(total des points\u00a0 des 6 meilleures cages expos\u00e9es,avec un minimum de 6 pigeons)<\/p>\n","protected":false},"excerpt":{"rendered":"<p>LA COUPE DE FRANCE DU CULBUTANT LILLOIS A EU LIEU LORS DU CONCOURS NATIONAL DE LA SNC A PERIGUEUX DU 12 AU 14 JANVIER 2018\u00a0\u00a0 &#8211;\u00a0 Vous trouverez ci dessous le palmar\u00e8s de la Coupe de France du Culbutant Lillois &hellip; <a href=\"https:\/\/pigeon-culbutant-lillois.com\/?page_id=631\">Lire la Suite <span class=\"meta-nav\">&rarr;<\/span><\/a><\/p>\n","protected":false},"author":1,"featured_media":0,"parent":207,"menu_order":3,"comment_status":"open","ping_status":"open","template":"","meta":{"footnotes":""},"_links":{"self":[{"href":"https:\/\/pigeon-culbutant-lillois.com\/index.php?rest_route=\/wp\/v2\/pages\/631"}],"collection":[{"href":"https:\/\/pigeon-culbutant-lillois.com\/index.php?rest_route=\/wp\/v2\/pages"}],"about":[{"href":"https:\/\/pigeon-culbutant-lillois.com\/index.php?rest_route=\/wp\/v2\/types\/page"}],"author":[{"embeddable":true,"href":"https:\/\/pigeon-culbutant-lillois.com\/index.php?rest_route=\/wp\/v2\/users\/1"}],"replies":[{"embeddable":true,"href":"https:\/\/pigeon-culbutant-lillois.com\/index.php?rest_route=%2Fwp%2Fv2%2Fcomments&post=631"}],"version-history":[{"count":10,"href":"https:\/\/pigeon-culbutant-lillois.com\/index.php?rest_route=\/wp\/v2\/pages\/631\/revisions"}],"predecessor-version":[{"id":763,"href":"https:\/\/pigeon-culbutant-lillois.com\/index.php?rest_route=\/wp\/v2\/pages\/631\/revisions\/763"}],"up":[{"embeddable":true,"href":"https:\/\/pigeon-culbutant-lillois.com\/index.php?rest_route=\/wp\/v2\/pages\/207"}],"wp:attachment":[{"href":"https:\/\/pigeon-culbutant-lillois.com\/index.php?rest_route=%2Fwp%2Fv2%2Fmedia&parent=631"}],"curies":[{"name":"wp","href":"https:\/\/api.w.org\/{rel}","templated":true}]}}