{"id":563,"date":"2017-01-19T18:38:19","date_gmt":"2017-01-19T17:38:19","guid":{"rendered":"http:\/\/pigeon-culbutant-lillois.com\/?page_id=563"},"modified":"2017-01-19T19:56:46","modified_gmt":"2017-01-19T18:56:46","slug":"ag-et-journee-technique-du-17-decembre-2016","status":"publish","type":"page","link":"https:\/\/pigeon-culbutant-lillois.com\/?page_id=563","title":{"rendered":"AG et Journ\u00e9e Technique du 17 D\u00e9cembre 2016 \u00e0 Lys Lez Lannoy"},"content":{"rendered":"<h4><strong>Photos de l\u2019Assembl\u00e9e G\u00e9n\u00e9rale et de la Journ\u00e9e Technique du Culbutant Lillois du 17 d\u00e9cembre 2016 \u00e0 Lys Lez Lannoy \u00a0&#8211;<\/strong><\/h4>\n<h4><strong> \u00a0TELECHARGER ICI LES PHOTOS \u00a0<a href=\"https:\/\/pigeon-culbutant-lillois.com\/wp-content\/uploads\/AG-ET-JT-17-DEC-2016-LYS.pdf\">AG ET JT 17 DEC 2016 LYS<\/a><\/strong><\/h4>\n<div style=\"font-size: small; text-decoration: none; font-family: 'Calibri'; font-weight: normal; color: #000000; font-style: normal; display: inline;\">\n<div dir=\"ltr\">\n<h3>\u00a0<strong>Etaient pr\u00e9sents : Madame Claudine Devos, Messieurs\u00a0 Aymeric Amourette, Bruno Bouillet, Castel p\u00e8re et fils, <\/strong><\/h3>\n<h3><strong>Chatelin fils, Jules Devos, L\u00e9onard Fleury, Philippe Lissy, S\u00e9bastien Marquette.<\/strong><\/h3>\n<h3>\u00a0<strong>Nous n\u2019\u00e9tions pas tr\u00e8s nombreux, il ne faisait pas chaud, mais l\u2019ambiance et la convivialit\u00e9 \u00e9taient bien au <\/strong><\/h3>\n<h3><strong>rendez-vous\u00a0<\/strong><strong>parmi les passionn\u00e9s du Culbutant Lillois<\/strong><\/h3>\n<div><\/div>\n<\/div>\n<\/div>\n<div style=\"font-size: small; text-decoration: none; font-family: 'Calibri'; font-weight: normal; color: #000000; font-style: normal; display: inline;\"><\/div>\n","protected":false},"excerpt":{"rendered":"<p>Photos de l\u2019Assembl\u00e9e G\u00e9n\u00e9rale et de la Journ\u00e9e Technique du Culbutant Lillois du 17 d\u00e9cembre 2016 \u00e0 Lys Lez Lannoy \u00a0&#8211; \u00a0TELECHARGER ICI LES PHOTOS \u00a0AG ET JT 17 DEC 2016 LYS \u00a0Etaient pr\u00e9sents : Madame Claudine Devos, Messieurs\u00a0 Aymeric &hellip; <a href=\"https:\/\/pigeon-culbutant-lillois.com\/?page_id=563\">Lire la Suite <span class=\"meta-nav\">&rarr;<\/span><\/a><\/p>\n","protected":false},"author":1,"featured_media":0,"parent":199,"menu_order":0,"comment_status":"open","ping_status":"open","template":"","meta":{"footnotes":""},"_links":{"self":[{"href":"https:\/\/pigeon-culbutant-lillois.com\/index.php?rest_route=\/wp\/v2\/pages\/563"}],"collection":[{"href":"https:\/\/pigeon-culbutant-lillois.com\/index.php?rest_route=\/wp\/v2\/pages"}],"about":[{"href":"https:\/\/pigeon-culbutant-lillois.com\/index.php?rest_route=\/wp\/v2\/types\/page"}],"author":[{"embeddable":true,"href":"https:\/\/pigeon-culbutant-lillois.com\/index.php?rest_route=\/wp\/v2\/users\/1"}],"replies":[{"embeddable":true,"href":"https:\/\/pigeon-culbutant-lillois.com\/index.php?rest_route=%2Fwp%2Fv2%2Fcomments&post=563"}],"version-history":[{"count":6,"href":"https:\/\/pigeon-culbutant-lillois.com\/index.php?rest_route=\/wp\/v2\/pages\/563\/revisions"}],"predecessor-version":[{"id":578,"href":"https:\/\/pigeon-culbutant-lillois.com\/index.php?rest_route=\/wp\/v2\/pages\/563\/revisions\/578"}],"up":[{"embeddable":true,"href":"https:\/\/pigeon-culbutant-lillois.com\/index.php?rest_route=\/wp\/v2\/pages\/199"}],"wp:attachment":[{"href":"https:\/\/pigeon-culbutant-lillois.com\/index.php?rest_route=%2Fwp%2Fv2%2Fmedia&parent=563"}],"curies":[{"name":"wp","href":"https:\/\/api.w.org\/{rel}","templated":true}]}}