{"id":1483,"date":"2025-03-09T14:28:24","date_gmt":"2025-03-09T13:28:24","guid":{"rendered":"http:\/\/pigeon-culbutant-lillois.com\/?page_id=1483"},"modified":"2025-03-09T21:06:51","modified_gmt":"2025-03-09T20:06:51","slug":"championnat-regional-du-culbutant-lillois-a-pecquencourt-les-8-et-9-fevrier-2025","status":"publish","type":"page","link":"https:\/\/pigeon-culbutant-lillois.com\/?page_id=1483","title":{"rendered":"Championnat R\u00e9gional du Culbutant Lillois \u00e0 Pecquencourt les 8 et 9 F\u00e9vrier 2025"},"content":{"rendered":"<p>Compte Rendu Championnat R\u00e9gional du Culbutant Lillois<\/p>\n<p><a href=\"https:\/\/pigeon-culbutant-lillois.com\/wp-content\/uploads\/CHAMPIONNAT-REGIONAL-DU-CULBUTANT-LILLOIS-A-PECQUENCOURT-FEVRIER-2025.pdf\">CHAMPIONNAT REGIONAL DU CULBUTANT LILLOIS A PECQUENCOURT FEVRIER 2025<\/a><\/p>\n<hr \/>\n<p>&nbsp;<\/p>\n","protected":false},"excerpt":{"rendered":"<p>Compte Rendu Championnat R\u00e9gional du Culbutant Lillois CHAMPIONNAT REGIONAL DU CULBUTANT LILLOIS A PECQUENCOURT FEVRIER 2025 &nbsp;<\/p>\n","protected":false},"author":1,"featured_media":0,"parent":207,"menu_order":0,"comment_status":"open","ping_status":"open","template":"","meta":{"footnotes":""},"_links":{"self":[{"href":"https:\/\/pigeon-culbutant-lillois.com\/index.php?rest_route=\/wp\/v2\/pages\/1483"}],"collection":[{"href":"https:\/\/pigeon-culbutant-lillois.com\/index.php?rest_route=\/wp\/v2\/pages"}],"about":[{"href":"https:\/\/pigeon-culbutant-lillois.com\/index.php?rest_route=\/wp\/v2\/types\/page"}],"author":[{"embeddable":true,"href":"https:\/\/pigeon-culbutant-lillois.com\/index.php?rest_route=\/wp\/v2\/users\/1"}],"replies":[{"embeddable":true,"href":"https:\/\/pigeon-culbutant-lillois.com\/index.php?rest_route=%2Fwp%2Fv2%2Fcomments&post=1483"}],"version-history":[{"count":5,"href":"https:\/\/pigeon-culbutant-lillois.com\/index.php?rest_route=\/wp\/v2\/pages\/1483\/revisions"}],"predecessor-version":[{"id":1522,"href":"https:\/\/pigeon-culbutant-lillois.com\/index.php?rest_route=\/wp\/v2\/pages\/1483\/revisions\/1522"}],"up":[{"embeddable":true,"href":"https:\/\/pigeon-culbutant-lillois.com\/index.php?rest_route=\/wp\/v2\/pages\/207"}],"wp:attachment":[{"href":"https:\/\/pigeon-culbutant-lillois.com\/index.php?rest_route=%2Fwp%2Fv2%2Fmedia&parent=1483"}],"curies":[{"name":"wp","href":"https:\/\/api.w.org\/{rel}","templated":true}]}}