{"id":1239,"date":"2022-05-24T10:41:32","date_gmt":"2022-05-24T09:41:32","guid":{"rendered":"http:\/\/pigeon-culbutant-lillois.com\/?page_id=1239"},"modified":"2022-05-25T14:37:33","modified_gmt":"2022-05-25T13:37:33","slug":"ag-du-culbutant-lillois-a-enquin-lez-guignegatte","status":"publish","type":"page","link":"https:\/\/pigeon-culbutant-lillois.com\/?page_id=1239","title":{"rendered":"AG DU CULBUTANT LILLOIS A ENQUIN LEZ GUIGNEGATTE"},"content":{"rendered":"<p>CLIQUEZ ICI DESSOUS\u00a0 POUR LE COMPTE RENDU DE L&rsquo;ASSEMBLEE GENERALE\u00a0 \u00e0 ENQUIN LES MINES\u00a0 LE 12 DECEMBRE 2021<\/p>\n<p>:\u00a0 <a href=\"https:\/\/pigeon-culbutant-lillois.com\/wp-content\/uploads\/AG-DU-CLUB-CULBUTANT-DU-12-DECEMBRE-2021-POUR-SITE-avec-compression.pdf\">AG DU CLUB CULBUTANT DU 12 DECEMBRE 2021 POUR SITE-avec compression<\/a><\/p>\n<p>&nbsp;<\/p>\n<p>CLIQUEZ ICI POUR L&rsquo;INVITATION\u00a0 <a href=\"https:\/\/pigeon-culbutant-lillois.com\/wp-content\/uploads\/Assembl\u00e9e-G\u00e9n\u00e9rale-du-Club-Culbutant-Lillois-2022.pdf\">Assembl\u00e9e G\u00e9n\u00e9rale du Club Culbutant Lillois 2022<\/a><\/p>\n","protected":false},"excerpt":{"rendered":"<p>CLIQUEZ ICI DESSOUS\u00a0 POUR LE COMPTE RENDU DE L&rsquo;ASSEMBLEE GENERALE\u00a0 \u00e0 ENQUIN LES MINES\u00a0 LE 12 DECEMBRE 2021 :\u00a0 AG DU CLUB CULBUTANT DU 12 DECEMBRE 2021 POUR SITE-avec compression &nbsp; CLIQUEZ ICI POUR L&rsquo;INVITATION\u00a0 Assembl\u00e9e G\u00e9n\u00e9rale du Club Culbutant &hellip; <a href=\"https:\/\/pigeon-culbutant-lillois.com\/?page_id=1239\">Lire la Suite <span class=\"meta-nav\">&rarr;<\/span><\/a><\/p>\n","protected":false},"author":1,"featured_media":0,"parent":199,"menu_order":0,"comment_status":"open","ping_status":"open","template":"","meta":{"footnotes":""},"_links":{"self":[{"href":"https:\/\/pigeon-culbutant-lillois.com\/index.php?rest_route=\/wp\/v2\/pages\/1239"}],"collection":[{"href":"https:\/\/pigeon-culbutant-lillois.com\/index.php?rest_route=\/wp\/v2\/pages"}],"about":[{"href":"https:\/\/pigeon-culbutant-lillois.com\/index.php?rest_route=\/wp\/v2\/types\/page"}],"author":[{"embeddable":true,"href":"https:\/\/pigeon-culbutant-lillois.com\/index.php?rest_route=\/wp\/v2\/users\/1"}],"replies":[{"embeddable":true,"href":"https:\/\/pigeon-culbutant-lillois.com\/index.php?rest_route=%2Fwp%2Fv2%2Fcomments&post=1239"}],"version-history":[{"count":4,"href":"https:\/\/pigeon-culbutant-lillois.com\/index.php?rest_route=\/wp\/v2\/pages\/1239\/revisions"}],"predecessor-version":[{"id":1270,"href":"https:\/\/pigeon-culbutant-lillois.com\/index.php?rest_route=\/wp\/v2\/pages\/1239\/revisions\/1270"}],"up":[{"embeddable":true,"href":"https:\/\/pigeon-culbutant-lillois.com\/index.php?rest_route=\/wp\/v2\/pages\/199"}],"wp:attachment":[{"href":"https:\/\/pigeon-culbutant-lillois.com\/index.php?rest_route=%2Fwp%2Fv2%2Fmedia&parent=1239"}],"curies":[{"name":"wp","href":"https:\/\/api.w.org\/{rel}","templated":true}]}}