{"id":1058,"date":"2019-11-21T15:54:16","date_gmt":"2019-11-21T14:54:16","guid":{"rendered":"http:\/\/pigeon-culbutant-lillois.com\/?page_id=1058"},"modified":"2022-10-10T14:41:00","modified_gmt":"2022-10-10T13:41:00","slug":"championnat-de-france-du-culbutant-lillois-a-moulins-2019-2","status":"publish","type":"page","link":"https:\/\/pigeon-culbutant-lillois.com\/?page_id=1058","title":{"rendered":"CHAMPIONNAT DE FRANCE DU CULBUTANT LILLOIS A MOULINS 2019"},"content":{"rendered":"<h4>Vous trouverez ci dessous les \u00e9l\u00e9ments de l\u2019Exposition Nationale\u00a0 de la SNC\u00a0 \u00e0 MOULINS les 1 \u2013 2 et 3 novembre 2019<\/h4>\n<h4>\u00a0<strong>Le Concours National SNC a eu lieu les 2 et 3 Novembre dernier avec une belle repr\u00e9sentativit\u00e9 de nos deux races de pigeons Lillois, je tenais une fois encore \u00e0 vous faire part de ma satisfaction en tant que Pr\u00e9sident pour votre exceptionnelle mobilisation \u00e0 nos deux Championnats de France \u00e0 MOULINS.\u00a0 Un Concours National de la SNC qui est \u00e0 mettre \u00e0 l\u2019honneur, tant par la qualit\u00e9 de la pr\u00e9sentation que par son organisation, et que dire du nombre\u00a0 exceptionnel de visiteurs ! Bravo et F\u00e9licitations aux organisateurs de l\u2019Union Avicole Bourbonnaise, de m\u00eame qu\u2019\u00e0 Philippe Hudry, toujours \u00e9gal \u00e0 lui m\u00eame dans la maitrise de la gestion informatique du catalogue d\u2019exposition, entre autre ! \u00a0 \u00a0 \u00a0 \u00a0 \u00a0 \u00a0 \u00a0 \u00a0 \u00a0 \u00a0 \u00a0 \u00a0 \u00a0 \u00a0 \u00a0 \u00a0 \u00a0 \u00a0 \u00a0 \u00a0 \u00a0 \u00a0 \u00a0 \u00a0 \u00a0 \u00a0 \u00a0 \u00a0<\/strong> <strong><span style=\"color: #000000;\">Malheureusement, deux paniers oubli\u00e9s d\u2019un groupage de L\u2019Est ont priv\u00e9 nos amis Mario Cecconi et Christian Walter \u00e0 tous r\u00e9sultats dans nos Championnats, certes les animaux ont \u00e9t\u00e9 retrouv\u00e9s et jug\u00e9s le samedi matin mais trop tard pour pr\u00e9tendre \u00e0 un classement dans nos Championnats de France et encore moins pour apparaitre dans le catalogue d\u2019exposition papier, par contre, leurs r\u00e9sultats devraient figurer dans le catalogue d\u2019exposition num\u00e9rique du site Internet \u201cPigeon France\u201d<\/span><\/strong><br \/>\n<strong>Grand merci aux organisateurs de Moulins et \u00e0 son Pr\u00e9sident Christian Roy pour les moyens mis en \u0153uvre \u00e0 la recherche des sujets \u00e9gar\u00e9s et \u00e0 la mobilisation entre autre de Jean Louis Frindel, Philippe Hudry et Christian Klein, pour que les pigeons en question soient jug\u00e9s malgr\u00e9 tout et r\u00e9compens\u00e9s comme il se <span style=\"color: #808080;\">doit<\/span><\/strong> <strong>en fonction des r\u00e9sultats\u00a0\u00a0 ! \u00a0\u00a0\u00a0\u00a0\u00a0\u00a0\u00a0\u00a0\u00a0\u00a0\u00a0\u00a0\u00a0\u00a0\u00a0\u00a0\u00a0\u00a0\u00a0\u00a0\u00a0\u00a0\u00a0\u00a0\u00a0\u00a0\u00a0\u00a0\u00a0\u00a0\u00a0\u00a0\u00a0\u00a0\u00a0\u00a0\u00a0\u00a0\u00a0\u00a0\u00a0\u00a0\u00a0\u00a0\u00a0\u00a0\u00a0\u00a0\u00a0\u00a0\u00a0\u00a0\u00a0\u00a0\u00a0\u00a0\u00a0\u00a0\u00a0\u00a0\u00a0\u00a0\u00a0\u00a0\u00a0\u00a0\u00a0\u00a0\u00a0\u00a0\u00a0\u00a0\u00a0\u00a0\u00a0\u00a0\u00a0\u00a0\u00a0\u00a0\u00a0\u00a0\u00a0\u00a0\u00a0\u00a0\u00a0\u00a0\u00a0\u00a0\u00a0\u00a0\u00a0\u00a0\u00a0\u00a0\u00a0\u00a0\u00a0\u00a0\u00a0\u00a0\u00a0\u00a0\u00a0\u00a0\u00a0\u00a0\u00a0\u00a0\u00a0\u00a0\u00a0\u00a0\u00a0\u00a0\u00a0\u00a0\u00a0\u00a0\u00a0\u00a0\u00a0\u00a0\u00a0\u00a0\u00a0\u00a0\u00a0\u00a0\u00a0\u00a0\u00a0\u00a0\u00a0\u00a0\u00a0\u00a0\u00a0\u00a0\u00a0\u00a0\u00a0\u00a0\u00a0\u00a0\u00a0\u00a0\u00a0\u00a0\u00a0\u00a0\u00a0\u00a0\u00a0\u00a0\u00a0 Le temps consacr\u00e9 aux recherches par moi et par Francis Daries et au suivi des pigeons jug\u00e9s a fait que je n\u2019ai pas pu me consacrer pleinement \u00e0 la prise des photos des Champions, fort\u00a0 heureusement, Philippe Lissy et Djamel Himmi ont \u0153uvr\u00e9 de leur cot\u00e9 pour en prendre un bon nombre, merci \u00e0 eux, \u00e0 nous trois nous devrions avoir de quoi sauver la mise !<\/strong><\/h4>\n<h4>\u00a0Enfin, que dire du stress, des contrari\u00e9t\u00e9s et de la frustration de nos deux amis \u00e0 ne pas faire partie de nos Championnats et de la mienne par la m\u00eame occasion , mais voil\u00e0, l\u2019erreur est humaine, esp\u00e9rons pour le moins que cela ne se reproduise jamais plus dans le cadre de nos Concours !!!<\/h4>\n<h4>\u00a0<strong>Pour revenir \u00e0 nos Championnats, voici les r\u00e9sultats r\u00e9alis\u00e9s par les laur\u00e9ats :<\/strong><\/h4>\n<p>PHOTOS DES CHAMPIONS :\u00a0\u00a0 en cours<\/p>\n<h3><a href=\"https:\/\/pigeon-culbutant-lillois.com\/wp-content\/uploads\/photos-CL-Divers-c.pdf\">photos CL Divers-c<\/a><\/h3>\n<p><strong><span style=\"color: #0000ff;\">Pour le Championnat de France du<\/span><\/strong><strong><u><span style=\"font-size: large;\"> Culbutant Lillois<\/span><\/u>, 66 sujets inscrits par 6 \u00e9leveurs dans plus de 14 couleurs parmi les 5 vari\u00e9t\u00e9s existantes<\/strong><\/p>\n<h4><strong>A signaler 7 grisons bleus inscrits en AOC par Philippe Lissy (6)\u00a0 et Jules Devos (1) pour homologation<\/strong><\/h4>\n<h4>\u00a0<strong>&#8211; Champion \u00e0 Vols Blancs en Bleu Barr\u00e9 cage 570\u00a0 96 points \u00e0 Thierry Castille<\/strong><\/h4>\n<h4><strong>&#8211; Champion Unicolore en Noir cage 515\u00a0 Excellent\u00a0 97 points \u00e0 Thierry Castille<\/strong><\/h4>\n<h4><strong>&#8211; Champion Barr\u00e9-Ecaill\u00e9 en Bleu Barr\u00e9\u00a0 96 points \u00e0 Philippe Lissy<\/strong><\/h4>\n<h4><strong>&#8211; Champion Barr\u00e9-Ecaill\u00e9 en Bleu Barr\u00e9\u00a0 96 points \u00e0 Aymeric Amourette<\/strong><\/h4>\n<h4><strong>&#8211; Champion Autre Vari\u00e9t\u00e9 en Bleu Ecaill\u00e9\u00a0 95 points \u00e0 Thierry Castille<\/strong><\/h4>\n<h4>\u00a0<strong>Le Prix de Qualit\u00e9 a \u00e9t\u00e9 remport\u00e9 par Thierry Castille avec 95.66 points\u00a0\u00a0\u00a0 <\/strong><\/h4>\n<h4><strong>\u00a0\u00a0\u00a0\u00a0\u00a0\u00a0\u00a0\u00a0\u00a0\u00a0\u00a0\u00a0\u00a0\u00a0\u00a0\u00a0\u00a0\u00a0\u00a0\u00a0\u00a0\u00a0\u00a0\u00a0\u00a0\u00a0\u00a0\u00a0\u00a0\u00a0\u00a0\u00a0\u00a0\u00a0\u00a0\u00a0\u00a0\u00a0\u00a0\u00a0\u00a0\u00a0\u00a0\u00a0\u00a0\u00a0\u00a0\u00a0\u00a0\u00a0\u00a0\u00a0\u00a0\u00a0\u00a0\u00a0\u00a0\u00a0\u00a0\u00a0\u00a0\u00a0\u00a0\u00a0 Aymeric Amourette avec 94.66 points <\/strong><\/h4>\n<h4><strong>\u00a0\u00a0\u00a0\u00a0\u00a0\u00a0\u00a0\u00a0\u00a0\u00a0\u00a0\u00a0\u00a0\u00a0\u00a0\u00a0\u00a0\u00a0\u00a0\u00a0\u00a0\u00a0\u00a0\u00a0\u00a0\u00a0\u00a0\u00a0\u00a0\u00a0\u00a0\u00a0\u00a0\u00a0\u00a0\u00a0\u00a0\u00a0\u00a0\u00a0\u00a0\u00a0\u00a0\u00a0\u00a0\u00a0\u00a0\u00a0\u00a0\u00a0\u00a0\u00a0\u00a0\u00a0\u00a0\u00a0\u00a0\u00a0\u00a0\u00a0\u00a0\u00a0\u00a0\u00a0 Philippe Lissy avec 94.50 points\u00a0 <\/strong><\/h4>\n<h4><span style=\"font-size: xx-small;\">\u00a0<\/span><strong>Les Culbutants Lillois ont \u00e9t\u00e9 jug\u00e9s par Jacques Romuald\u00a0 &#8211; <span style=\"color: #0000ff;\">Les photos paraitront prochainement sur les sites des clubs : <\/span>\u00a0<\/strong><\/h4>\n<h4><strong>\u00a0\u00a0\u00a0\u00a0\u00a0\u00a0\u00a0\u00a0 Merci aux \u00e9leveurs pour leurs participations et\u00a0\u00a0\u00a0\u00a0\u00a0\u00a0 F\u00e9licitations\u00a0 aux laur\u00e9ats <\/strong><\/h4>\n<p><strong><span style=\"color: #0000ff;\">\u00a0\u00a0\u00a0\u00a0\u00a0\u00a0\u00a0\u00a0\u00a0\u00a0\u00a0\u00a0\u00a0\u00a0\u00a0\u00a0\u00a0\u00a0\u00a0\u00a0\u00a0\u00a0\u00a0\u00a0\u00a0\u00a0 RENDEZ VOUS A WOINCOURT\u00a0 POUR NOS PROCHAINS\u00a0 CONCOURS<\/span><\/strong><\/p>\n","protected":false},"excerpt":{"rendered":"<p>Vous trouverez ci dessous les \u00e9l\u00e9ments de l\u2019Exposition Nationale\u00a0 de la SNC\u00a0 \u00e0 MOULINS les 1 \u2013 2 et 3 novembre 2019 \u00a0Le Concours National SNC a eu lieu les 2 et 3 Novembre dernier avec une belle repr\u00e9sentativit\u00e9 de &hellip; <a href=\"https:\/\/pigeon-culbutant-lillois.com\/?page_id=1058\">Lire la Suite <span class=\"meta-nav\">&rarr;<\/span><\/a><\/p>\n","protected":false},"author":1,"featured_media":0,"parent":205,"menu_order":3,"comment_status":"open","ping_status":"open","template":"","meta":{"footnotes":""},"_links":{"self":[{"href":"https:\/\/pigeon-culbutant-lillois.com\/index.php?rest_route=\/wp\/v2\/pages\/1058"}],"collection":[{"href":"https:\/\/pigeon-culbutant-lillois.com\/index.php?rest_route=\/wp\/v2\/pages"}],"about":[{"href":"https:\/\/pigeon-culbutant-lillois.com\/index.php?rest_route=\/wp\/v2\/types\/page"}],"author":[{"embeddable":true,"href":"https:\/\/pigeon-culbutant-lillois.com\/index.php?rest_route=\/wp\/v2\/users\/1"}],"replies":[{"embeddable":true,"href":"https:\/\/pigeon-culbutant-lillois.com\/index.php?rest_route=%2Fwp%2Fv2%2Fcomments&post=1058"}],"version-history":[{"count":3,"href":"https:\/\/pigeon-culbutant-lillois.com\/index.php?rest_route=\/wp\/v2\/pages\/1058\/revisions"}],"predecessor-version":[{"id":1062,"href":"https:\/\/pigeon-culbutant-lillois.com\/index.php?rest_route=\/wp\/v2\/pages\/1058\/revisions\/1062"}],"up":[{"embeddable":true,"href":"https:\/\/pigeon-culbutant-lillois.com\/index.php?rest_route=\/wp\/v2\/pages\/205"}],"wp:attachment":[{"href":"https:\/\/pigeon-culbutant-lillois.com\/index.php?rest_route=%2Fwp%2Fv2%2Fmedia&parent=1058"}],"curies":[{"name":"wp","href":"https:\/\/api.w.org\/{rel}","templated":true}]}}